{"id":326,"date":"2023-01-22T21:03:33","date_gmt":"2023-01-22T21:03:33","guid":{"rendered":"https:\/\/www.planetacomercio.es\/agustipardo\/?page_id=326"},"modified":"2023-02-15T14:20:36","modified_gmt":"2023-02-15T14:20:36","slug":"links","status":"publish","type":"page","link":"https:\/\/www.planetacomercio.es\/agustipardo\/links\/","title":{"rendered":"Links"},"content":{"rendered":"<section class=\"wpb-content-wrapper\"><p>[vc_row type=\u00bbvc_default\u00bb full_width=\u00bbstretch_row_content\u00bb][vc_column][vc_tta_tabs active_section=\u00bb1&#8243;][vc_tta_section title=\u00bbP\u00e1ginas Personales\u00bb tab_id=\u00bb1674421521551-db1816eb-30d6&#8243;][vc_empty_space][vc_column_text]<\/p>\n<ul class=\"pestanas-link\">\n<li><a href=\"http:\/\/www.hugorodriguez.com\" target=\"_blank\" rel=\"noopener noreferrer\">Hugo Rodriguez<\/a><\/li>\n<li><a href=\"http:\/\/gabrielbrau.com\" target=\"_blank\" rel=\"noopener noreferrer\">Gabriel Brau<\/a><\/li>\n<li><a href=\"http:\/\/wwwlcgdigifoto.blogspot.com\" target=\"_blank\" rel=\"noopener noreferrer\">Luis Calle<\/a><\/li>\n<li><a href=\"http:\/\/www.luisengroba.com\" target=\"_blank\" rel=\"noopener noreferrer\">Luis Engroba<\/a><\/li>\n<li><a href=\"http:\/\/martingallego.blogspot.com\" target=\"_blank\" rel=\"noopener noreferrer\">Martin Gallego<\/a><\/li>\n<li><a href=\"http:\/\/aracelifoto.blogspot.com\" target=\"_blank\" rel=\"noopener noreferrer\">Araceli Merino<\/a><\/li>\n<li><a href=\"http:\/\/www.lajabega.net\" target=\"_blank\" rel=\"noopener noreferrer\">Jos\u00e9 Moreno<\/a><\/li>\n<li><a href=\"http:\/\/www.gerardinho.com\" target=\"_blank\" rel=\"noopener noreferrer\">Gerard S\u00f2ria<\/a><\/li>\n<li><a href=\"http:\/\/www.joantous.com\" target=\"_blank\" rel=\"noopener noreferrer\">Joan Tous<\/a><\/li>\n<\/ul>\n<p>[\/vc_column_text][\/vc_tta_section][vc_tta_section title=\u00bbAsociaciones profesionales\u00bb tab_id=\u00bb1674421521568-34fbcc83-af87&#8243;][vc_empty_space][vc_column_text]<\/p>\n<ul class=\"pestanas-link\">\n<li><a href=\"http:\/\/www.upifc.cat\/cat\/\" target=\"_blank\" rel=\"noopener noreferrer\">Uni\u00f3 Professionals de la Imatge i la Fotografia de Catalunya<\/a><\/li>\n<li><a href=\"https:\/\/afpe.pro\/\" target=\"_blank\" rel=\"noopener noreferrer\">Asociaci\u00f3n de Fot\u00f3grafos Profesionales de Espa\u00f1a<\/a><\/li>\n<li><a href=\"https:\/\/www.aefona.org\/\" target=\"_blank\" rel=\"noopener noreferrer\">Asociaci\u00f3n Espa\u00f1ola de fotografos de la Naturaleza<\/a><\/li>\n<\/ul>\n<p>[\/vc_column_text][\/vc_tta_section][vc_tta_section title=\u00bb Bancos de im\u00e1genes\u00bb tab_id=\u00bb1674421523284-d3b08109-8b88&#8243;][vc_empty_space][vc_column_text]<\/p>\n<ul>\n<li><a href=\"http:\/\/www.agefotostock.com\" target=\"_blank\" rel=\"noopener noreferrer\">Age Fotostock<\/a><\/li>\n<li><a href=\"http:\/\/pro.corbis.com\" target=\"_blank\" rel=\"noopener noreferrer\">Corbis<\/a><\/li>\n<li><a href=\"http:\/\/www.dreamstime.com\" target=\"_blank\" rel=\"noopener noreferrer\">Dreamstime (en)<\/a><\/li>\n<li><a href=\"http:\/\/www.expofoto.com\" target=\"_blank\" rel=\"noopener noreferrer\">ExpoFoto<\/a><\/li>\n<li><a href=\"http:\/\/www.gettyimages.es\/\" target=\"_blank\" rel=\"noopener noreferrer\">GettyImages<\/a><\/li>\n<li><a href=\"http:\/\/www.istockphoto.com\" target=\"_blank\" rel=\"noopener noreferrer\">iStockPhoto (en)<\/a><\/li>\n<li><a href=\"http:\/\/www.imageafter.com\" target=\"_blank\" rel=\"noopener noreferrer\">ImageAfter (en)<\/a><\/li>\n<li><a href=\"http:\/\/www.stockvault.net\" target=\"_blank\" rel=\"noopener noreferrer\">StockVault (en)<\/a><\/li>\n<li><a href=\"http:\/\/www.sxc.hu\" target=\"_blank\" rel=\"noopener noreferrer\">Stock.xchng (en)<\/a><\/li>\n<\/ul>\n<p>[\/vc_column_text][\/vc_tta_section][vc_tta_section title=\u00bbPortales\u00bb tab_id=\u00bb1674421523919-7ae52c4a-8b74&#8243;][vc_empty_space][vc_column_text]<\/p>\n<ul>\n<li><a href=\"http:\/\/www.babia.com\" target=\"_blank\" rel=\"noopener noreferrer\">Babia<\/a><\/li>\n<li><a href=\"http:\/\/www.buzznet.com\" target=\"_blank\" rel=\"noopener noreferrer\">BuzzNet(en)<\/a><\/li>\n<li><a href=\"http:\/\/www.flickr.com\" target=\"_blank\" rel=\"noopener noreferrer\">Flickr(en)<\/a><\/li>\n<li><a href=\"http:\/\/www.fotocafe4elementos.com.ar\" target=\"_blank\" rel=\"noopener noreferrer\">FotoCaf\u00e9 4 Elementos<\/a><\/li>\n<li><a href=\"http:\/\/www.caborian.com\" target=\"_blank\" rel=\"noopener noreferrer\">Fotograf\u00eda Digital in Extremis<\/a><\/li>\n<li><a href=\"http:\/\/www.fotografia-profesional.net\" target=\"_blank\" rel=\"noopener noreferrer\">Fotograf\u00eda Profesional<\/a><\/li>\n<li><a href=\"http:\/\/www.fotonatura.org\" target=\"_blank\" rel=\"noopener noreferrer\">Foro hispano de Fotograf\u00eda de naturaleza<\/a><\/li>\n<li><a href=\"http:\/\/www.fotoperiodismo.org\" target=\"_blank\" rel=\"noopener noreferrer\">FotoPeriodismo<\/a><\/li>\n<li><a href=\"http:\/\/www.portfolionatural.com\" target=\"_blank\" rel=\"noopener noreferrer\">Fotograf\u00eda de Naturaleza&#8230;<\/a><\/li>\n<li><a href=\"http:\/\/www.rsf.es\" target=\"_blank\" rel=\"noopener noreferrer\">Real Sociedad Fotogr\u00e1fica de Madrid<\/a><\/li>\n<li><a href=\"http:\/\/www.rps.org\" target=\"_blank\" rel=\"noopener noreferrer\">Royal Photographic Society (en)<\/a><\/li>\n<li><a href=\"http:\/\/www.ufcanet.com\" target=\"_blank\" rel=\"noopener noreferrer\">Ufca<\/a><\/li>\n<li><a href=\"http:\/\/www.zonezero.com\" target=\"_blank\" rel=\"noopener noreferrer\">ZoneZero<\/a><\/li>\n<li><a href=\"http:\/\/www.espaifotografic.cat\" target=\"_blank\" rel=\"noopener noreferrer\">Espai fotografic<\/a><\/li>\n<\/ul>\n<p>[\/vc_column_text][\/vc_tta_section][vc_tta_section title=\u00bbEventos\u00bb tab_id=\u00bb1674421524679-d924a087-72e8&#8243;][vc_empty_space][vc_column_text]<\/p>\n<ul>\n<li><a href=\"http:\/\/photographicsocialvision.org\/almarge\/index01.html\" target=\"_blank\" rel=\"noopener noreferrer\">Al Marge<\/a><\/li>\n<li><a href=\"http:\/\/www.arcospain.com\" target=\"_blank\" rel=\"noopener noreferrer\">Arco<\/a><\/li>\n<li><a href=\"http:\/\/www.labiennale.org\" target=\"_blank\" rel=\"noopener noreferrer\">Bienal de Venecia<\/a><\/li>\n<li><a href=\"http:\/\/www.ffe.es\/caminosdehierro\" target=\"_blank\" rel=\"noopener noreferrer\">Caminos de hierro<\/a><\/li>\n<li><a href=\"http:\/\/www.artbasel.com\" target=\"_blank\" rel=\"noopener noreferrer\">Festival Art Base (en)<\/a><\/li>\n<li><a href=\"http:\/\/www.fotonoviembre.com\" target=\"_blank\" rel=\"noopener noreferrer\">FotoNoviembre. Bienal Internacional de Fotografia<\/a><\/li>\n<li><a href=\"https:\/\/fotofest.org\/\" target=\"_blank\" rel=\"noopener noreferrer\">FotoFest (en)<\/a><\/li>\n<li><a href=\"http:\/\/www.rencontres-arles.com\" target=\"_blank\" rel=\"noopener noreferrer\">Les Rencontres d&#8217;Arles (en\/fr)<\/a><\/li>\n<li><a href=\"http:\/\/www.noorderlicht.com\" target=\"_blank\" rel=\"noopener noreferrer\">Noorderlicht Photography (en)<\/a><\/li>\n<li><a href=\"http:\/\/www.parisphoto.fr\" target=\"_blank\" rel=\"noopener noreferrer\">Paris PHOTO<\/a><\/li>\n<li><a href=\"http:\/\/www.photographicsocialvision.org\" target=\"_blank\" rel=\"noopener noreferrer\">Photographic Social Vision<\/a><\/li>\n<li><a href=\"http:\/\/www.premioslux.com\/\" target=\"_blank\" rel=\"noopener noreferrer\">Premios Lux<\/a><\/li>\n<li><a href=\"https:\/\/purificaciongarcia.com\/es\/es\" target=\"_blank\" rel=\"noopener noreferrer\">Purificaci\u00f3n Garcia<\/a><\/li>\n<li><a href=\"http:\/\/www.sonimagfoto.com\" target=\"_blank\" rel=\"noopener noreferrer\">SonimagFoto<\/a><\/li>\n<li><a href=\"http:\/\/www.encuentrosabiertos.com.ar\" target=\"_blank\" rel=\"noopener noreferrer\">Festival de la Luz<\/a><\/li>\n<\/ul>\n<p>[\/vc_column_text][\/vc_tta_section][vc_tta_section title=\u00bbEscuelas\u00bb tab_id=\u00bb1674421525426-fc726801-48eb\u00bb][vc_empty_space][vc_column_text]<\/p>\n<ul>\n<li><a href=\"http:\/\/www.al-liquindoi.com\" target=\"_blank\" rel=\"noopener noreferrer\">Al-liquindoi<\/a><\/li>\n<li><a href=\"http:\/\/www.cefvigo.com\" target=\"_blank\" rel=\"noopener noreferrer\">Centro Estudos fotogr\u00e1ficos Vigo<\/a><\/li>\n<li><a href=\"http:\/\/www.cefmallorca.com\" target=\"_blank\" rel=\"noopener noreferrer\">Centro de Estudios Fotogr\u00e1ficos, S.L.<\/a><\/li>\n<li><a href=\"http:\/\/www.efti.es\" target=\"_blank\" rel=\"noopener noreferrer\">Efti<\/a><\/li>\n<li><a href=\"http:\/\/www.citm.upc.es\" target=\"_blank\" rel=\"noopener noreferrer\">Escuela de Fotograf\u00eda de la Fundaci\u00f3n UPC<\/a><\/li>\n<li><a href=\"http:\/\/www.escuelaartegranada.com\" target=\"_blank\" rel=\"noopener noreferrer\">Escuela Arte Granada<\/a><\/li>\n<li><a href=\"http:\/\/www.grisart.com\" target=\"_blank\" rel=\"noopener noreferrer\">GrisArt<\/a><\/li>\n<li><a href=\"http:\/\/www.iefc.es\" target=\"_blank\" rel=\"noopener noreferrer\">Institut d\u2019Estudis Fotogr\u00e0fics de Catalunya<\/a><\/li>\n<li><a href=\"http:\/\/www.icp.org\" target=\"_blank\" rel=\"noopener noreferrer\">International Center of Photography (en)<\/a><\/li>\n<li><a href=\"http:\/\/www.fotolook.org\" target=\"_blank\" rel=\"noopener noreferrer\">Look, Escuela Espa\u00f1ola de Fot\u00f3grafos<\/a><\/li>\n<li><a href=\"http:\/\/www.metropolis-ce.com\" target=\"_blank\" rel=\"noopener noreferrer\">Metr\u00f3polis, C.E<\/a><\/li>\n<li><a href=\"http:\/\/www.escuela-tai.com\" target=\"_blank\" rel=\"noopener noreferrer\">TAI<\/a><\/li>\n<\/ul>\n<p>[\/vc_column_text][\/vc_tta_section][vc_tta_section title=\u00bb Librer\u00edas\u00bb tab_id=\u00bb1674423292478-f662cc3b-8930&#8243;][vc_empty_space][vc_column_text]<\/p>\n<ul>\n<li><a href=\"http:\/\/www.blume.net\" target=\"_blank\" rel=\"noopener noreferrer\">Blume<\/a><\/li>\n<li><a href=\"http:\/\/www.fnac.es\" target=\"_blank\" rel=\"noopener noreferrer\">Fnac<\/a><\/li>\n<li><a href=\"http:\/\/www.ggili.com\" target=\"_blank\" rel=\"noopener noreferrer\">Gustavo Gili<\/a><\/li>\n<li><a href=\"http:\/\/www.indexbook.com\" target=\"_blank\" rel=\"noopener noreferrer\">Index Book<\/a><\/li>\n<li><a href=\"http:\/\/www.casadellibro.com\" target=\"_blank\" rel=\"noopener noreferrer\">La Casa del Libro<\/a><\/li>\n<li><a href=\"https:\/\/tienda.lafabrica.com\/5-fotografia\" target=\"_blank\" rel=\"noopener noreferrer\">La Fabrica<\/a><\/li>\n<li><a href=\"http:\/\/www.libreriacamara.com\" target=\"_blank\" rel=\"noopener noreferrer\">Libreria C\u00e1mara<\/a><\/li>\n<li><a href=\"http:\/\/www.mestizo.org\/libreria\" target=\"_blank\" rel=\"noopener noreferrer\">Mestizo<\/a><\/li>\n<li><a href=\"http:\/\/www.taschen.com\" target=\"_blank\" rel=\"noopener noreferrer\">Taschen (en)<\/a><\/li>\n<\/ul>\n<p>[\/vc_column_text][\/vc_tta_section][vc_tta_section title=\u00bbMaterial\u00bb tab_id=\u00bb1674423379937-16f0c8bd-caa2&#8243;][vc_empty_space][vc_row_inner][vc_column_inner width=\u00bb1\/2&#8243;][vc_column_text]<\/p>\n<ul>\n<li><a href=\"http:\/\/www.benq.es\" target=\"_blank\" rel=\"noopener noreferrer\">Benq<\/a><\/li>\n<li><a href=\"http:\/\/www.canon.es\" target=\"_blank\" rel=\"noopener noreferrer\">Canon<\/a><\/li>\n<li><a href=\"http:\/\/www.casio.es\" target=\"_blank\" rel=\"noopener noreferrer\">Casio<\/a><\/li>\n<li><a href=\"http:\/\/www.fujifilm.es\" target=\"_blank\" rel=\"noopener noreferrer\">Fujifilm<\/a><\/li>\n<li><a href=\"http:\/\/www.hp.es\" target=\"_blank\" rel=\"noopener noreferrer\">Hp<\/a><\/li>\n<li><a href=\"http:\/\/www.hasselblad.se\" target=\"_blank\" rel=\"noopener noreferrer\">Hasselblad (en)<\/a><\/li>\n<li><a href=\"http:\/\/www.robisa.es\" target=\"_blank\" rel=\"noopener noreferrer\">Robisa<\/a><\/li>\n<li><a href=\"http:\/\/www.ilford.com\" target=\"_blank\" rel=\"noopener noreferrer\">Ilford (en)<\/a><\/li>\n<li><a href=\"http:\/\/www.kodak.es\" target=\"_blank\" rel=\"noopener noreferrer\">Kodak<\/a><\/li>\n<li><a href=\"http:\/\/www.konicaminolta.es\" target=\"_blank\" rel=\"noopener noreferrer\">Konicaminolta<\/a><\/li>\n<li><a href=\"http:\/\/www.kyocera.com\" target=\"_blank\" rel=\"noopener noreferrer\">Kyocera (en)<\/a><\/li>\n<li><a href=\"http:\/\/www.leaf-photography.com\" target=\"_blank\" rel=\"noopener noreferrer\">Leaf<\/a><\/li>\n<li><a href=\"http:\/\/www.leica.com\" target=\"_blank\" rel=\"noopener noreferrer\">Leica (en)<\/a><\/li>\n<li><a href=\"http:\/\/www.disefoto.es\" target=\"_blank\" rel=\"noopener noreferrer\">Disefoto<\/a><\/li>\n<li><a href=\"http:\/\/www.lexmark.es\" target=\"_blank\" rel=\"noopener noreferrer\">Lexmark<\/a><\/li>\n<li><a href=\"http:\/\/www.linhof.com\" target=\"_blank\" rel=\"noopener noreferrer\">Linhof<\/a><\/li>\n<\/ul>\n<p>[\/vc_column_text][\/vc_column_inner][vc_column_inner width=\u00bb1\/2&#8243;][vc_column_text]<\/p>\n<ul>\n<li><a href=\"http:\/\/www.linhof.com\" target=\"_blank\" rel=\"noopener noreferrer\">Linhof<\/a><\/li>\n<li><a href=\"http:\/\/www.lowepro.com\" target=\"_blank\" rel=\"noopener noreferrer\">Lowepro(en)<\/a><\/li>\n<li><a href=\"http:\/\/www.manfrotto.com\" target=\"_blank\" rel=\"noopener noreferrer\">Manfrotto (en)<\/a><\/li>\n<li><a href=\"http:\/\/www.nikon.es\/es_ES\/\" target=\"_blank\" rel=\"noopener noreferrer\">Nikon<\/a><\/li>\n<li><a href=\"http:\/\/www.olympus.es\" target=\"_blank\" rel=\"noopener noreferrer\">Olympus<\/a><\/li>\n<li><a href=\"http:\/\/www.panasonic.es\" target=\"_blank\" rel=\"noopener noreferrer\">Panasonic<\/a><\/li>\n<li><a href=\"http:\/\/www.pentax.es\" target=\"_blank\" rel=\"noopener noreferrer\">Pentax<\/a><\/li>\n<li><a href=\"http:\/\/www.phaseone.com\" target=\"_blank\" rel=\"noopener noreferrer\">Phase One(en)<\/a><\/li>\n<li><a href=\"http:\/\/spain.roundshot.ch\" target=\"_blank\" rel=\"noopener noreferrer\">Roundshot<\/a><\/li>\n<li><a href=\"http:\/\/www.samsung.com\/es\" target=\"_blank\" rel=\"noopener noreferrer\">Samsung<\/a><\/li>\n<li><a href=\"http:\/\/www.sigma-photo.com\" target=\"_blank\" rel=\"noopener noreferrer\">Sigma<\/a><\/li>\n<li><a href=\"http:\/\/www.reflecta.com\" target=\"_blank\" rel=\"noopener noreferrer\">Reflecta<\/a><\/li>\n<li><a href=\"http:\/\/www.sinar.ch\" target=\"_blank\" rel=\"noopener noreferrer\">Sinar(en)<\/a><\/li>\n<li><a href=\"http:\/\/www.slik.com\" target=\"_blank\" rel=\"noopener noreferrer\">Slik(en)<\/a><\/li>\n<li><a href=\"http:\/\/www.wacom-europe.com\/es\/\" target=\"_blank\" rel=\"noopener noreferrer\">Wacom-Europe<\/a><\/li>\n<\/ul>\n<p>[\/vc_column_text][\/vc_column_inner][\/vc_row_inner][\/vc_tta_section][vc_tta_section title=\u00bbMuseos\u00bb tab_id=\u00bb1674424451387-ae9aa57c-1a68&#8243;][vc_empty_space][vc_column_text]<\/p>\n<ul>\n<li><a href=\"http:\/\/www.artium.org\" target=\"_blank\" rel=\"noopener noreferrer\">Artium.Centro Museo Vasco del Arte Contempor\u00e1neo<\/a><\/li>\n<li><a href=\"http:\/\/www.lafotobcn.org\" target=\"_blank\" rel=\"noopener noreferrer\">Centro de Fotograf\u00eda Documental de Barcelona<\/a><\/li>\n<li><a href=\"http:\/\/www.coberturaphoto.com\" target=\"_blank\" rel=\"noopener noreferrer\">CoberturaPhoto<\/a><\/li>\n<li><a href=\"http:\/\/www.contretype.org\" target=\"_blank\" rel=\"noopener noreferrer\">Espace photographique Contretype (en\/fr)<\/a><\/li>\n<li><a href=\"http:\/\/www.fotoaleph.com\" target=\"_blank\" rel=\"noopener noreferrer\">FotoAleph<\/a><\/li>\n<li><a href=\"https:\/\/fotocolectania.org\/\" target=\"_blank\" rel=\"noopener noreferrer\">Fundaci\u00f3n Foto Colectania<\/a><\/li>\n<li><a href=\"http:\/\/www.fundacionlacaixa.com\" target=\"_blank\" rel=\"noopener noreferrer\">Fundaci\u00f3n \u00abLa Caixa\u00bb<\/a><\/li>\n<li><a href=\"http:\/\/www.leyendecker.net\" target=\"_blank\" rel=\"noopener noreferrer\">Galer\u00eda Leyendecker<\/a><\/li>\n<li><a href=\"http:\/\/h2o.es\" target=\"_blank\" rel=\"noopener noreferrer\">Galeria H2O<\/a><\/li>\n<li><a href=\"http:\/\/www.ivam.es\" target=\"_blank\" rel=\"noopener noreferrer\">Institut Valenci\u00e0 d&#8217;Art Modern<\/a><\/li>\n<li><a href=\"http:\/\/www.lacasaencendida.com\" target=\"_blank\" rel=\"noopener noreferrer\">La Casa Encendida<\/a><\/li>\n<li><a href=\"https:\/\/tienda.lafabrica.com\/5-fotografia\" target=\"_blank\" rel=\"noopener noreferrer\">La F\u00e1brica<\/a><\/li>\n<li><a href=\"http:\/\/www.mep-fr.org\" target=\"_blank\" rel=\"noopener noreferrer\">Maison Europeenne de la Fotographie ville de Paris (fr)<\/a><\/li>\n<li><a href=\"http:\/\/www.macba.es\" target=\"_blank\" rel=\"noopener noreferrer\">Museu d&#8217;Art Contemporani de Barcelona<\/a><\/li>\n<li><a href=\"http:\/\/www.marcovigo.com\" target=\"_blank\" rel=\"noopener noreferrer\">Museo de Arte Contemporaneo de Vigo<\/a><\/li>\n<li><a href=\"http:\/\/www.museoreinasofia.es\" target=\"_blank\" rel=\"noopener noreferrer\">Museo Nacional Centro de Arte Reina Sof\u00eda<\/a><\/li>\n<li><a href=\"http:\/\/www.photographicsocialvision.org\" target=\"_blank\" rel=\"noopener noreferrer\">Photographic Social Vision<\/a><\/li>\n<li><a href=\"http:\/\/www.picassomio.com\" target=\"_blank\" rel=\"noopener noreferrer\">PicassoMio<\/a><\/li>\n<li><a href=\"http:\/\/www.moma.org\" target=\"_blank\" rel=\"noopener noreferrer\">The Museum of Modern art (en)<\/a><\/li>\n<\/ul>\n<p>[\/vc_column_text][\/vc_tta_section][vc_tta_section title=\u00bbTiendas\u00bb tab_id=\u00bb1674424862337-87bf7d20-c7ab\u00bb][vc_empty_space][vc_column_text]<\/p>\n<ul>\n<li><a href=\"http:\/\/www.adorama.com?kbid=67224\" target=\"_blank\" rel=\"noopener noreferrer\">Adorama<\/a><\/li>\n<li><a href=\"http:\/\/www.amazon.es\/?_encoding=UTF8&amp;camp=3626&amp;creative=24790&amp;linkCode=ur2&amp;tag=f012-21\" target=\"_blank\" rel=\"noopener noreferrer\">Amazon<\/a><\/li>\n<li><a href=\"http:\/\/www.apple.es\" target=\"_blank\" rel=\"noopener noreferrer\">Apple Store<\/a><\/li>\n<li><a href=\"http:\/\/www.audiotronics.es\" target=\"_blank\" rel=\"noopener noreferrer\">ropa<\/a><\/li>\n<li><a href=\"http:\/\/www.bhphotovideo.com\/?BI=8696&amp;KBID=9887&amp;DFF=d10-v1-t8-x4\" target=\"_blank\" rel=\"noopener noreferrer\">BH(en)<\/a><\/li>\n<li><a href=\"http:\/\/www.casanovafoto.com\" target=\"_blank\" rel=\"noopener noreferrer\">Casanova Foto<\/a><\/li>\n<li><a href=\"http:\/\/www.camarasdigitales.com\" target=\"_blank\" rel=\"noopener noreferrer\">CamarasDigitales<\/a><\/li>\n<li><a href=\"http:\/\/shop.colourconfidence.com\" target=\"_blank\" rel=\"noopener noreferrer\">Colour Confidence<\/a><\/li>\n<li><a href=\"http:\/\/www.dzoom.org.es\" target=\"_blank\" rel=\"noopener noreferrer\">Dzoom<\/a><\/li>\n<li><a href=\"http:\/\/www.fnac.es\" target=\"_blank\" rel=\"noopener noreferrer\">Fnac<\/a><\/li>\n<li><a href=\"http:\/\/www.fotoboom.com\" target=\"_blank\" rel=\"noopener noreferrer\">FotoBoom<\/a><\/li>\n<li><a href=\"http:\/\/www.fotocenter.es\/index.php\" target=\"_blank\" rel=\"noopener noreferrer\">FotoCenter<\/a><\/li>\n<li><a href=\"http:\/\/www.ofinet.es\" target=\"_blank\" rel=\"noopener noreferrer\">Ofinet<\/a><\/li>\n<li><a href=\"http:\/\/www.pixmania.com\" target=\"_blank\" rel=\"noopener noreferrer\">pixmania<\/a><\/li>\n<\/ul>\n<p>[\/vc_column_text][\/vc_tta_section][vc_tta_section title=\u00bbForos\u00bb tab_id=\u00bb1674425048617-1dbe22a4-636d\u00bb][vc_empty_space][vc_column_text]<\/p>\n<ul>\n<li><a href=\"http:\/\/www.caborian.com\" target=\"_blank\" rel=\"noopener noreferrer\">Caborian<\/a><\/li>\n<li><a href=\"http:\/\/www.camera-info.com\" target=\"_blank\" rel=\"noopener noreferrer\">Camera info<\/a><\/li>\n<li><a href=\"http:\/\/www.fotonatura.org\/\" target=\"_blank\" rel=\"noopener noreferrer\">Fotonatura<\/a><\/li>\n<li><a href=\"http:\/\/www.domestika.com\" target=\"_blank\" rel=\"noopener noreferrer\">Domestika<\/a><\/li>\n<li><a href=\"https:\/\/foro.ojodigital.com\/\" target=\"_blank\" rel=\"noopener noreferrer\">OjoDigital<\/a><\/li>\n<li><a href=\"http:\/\/www.processblack.com\" target=\"_blank\" rel=\"noopener noreferrer\">Processblack<\/a><\/li>\n<\/ul>\n<p>[\/vc_column_text][\/vc_tta_section][vc_tta_section title=\u00bbDistribuidores\u00bb tab_id=\u00bb1674425135461-ca3a7eb2-3492&#8243;][vc_empty_space][vc_column_text]<\/p>\n<ul>\n<li><a href=\"http:\/\/www.atlanticdevices.com\" target=\"_blank\" rel=\"noopener noreferrer\">Atlantic Devices<\/a><\/li>\n<li><a href=\"http:\/\/www.bachimport.com\" target=\"_blank\" rel=\"noopener noreferrer\">BachImport<\/a><\/li>\n<li><a href=\"http:\/\/www.disefoto.es\" target=\"_blank\" rel=\"noopener noreferrer\">Disefoto<\/a><\/li>\n<li><a href=\"http:\/\/www.dugopa.com\" target=\"_blank\" rel=\"noopener noreferrer\">Dugopa<\/a><\/li>\n<li><a href=\"http:\/\/www.reflecta.com\" target=\"_blank\" rel=\"noopener noreferrer\">Reflecta<\/a><\/li>\n<li><a href=\"http:\/\/www.robisa.es\" target=\"_blank\" rel=\"noopener noreferrer\">Rodolfo Biber<\/a><\/li>\n<\/ul>\n<p>[\/vc_column_text][\/vc_tta_section][\/vc_tta_tabs][\/vc_column][\/vc_row][vc_row][vc_column][vc_btn title=\u00bbContacto\u00bb style=\u00bbcustom\u00bb custom_background=\u00bb#5d0001&#8243; custom_text=\u00bb#ffffff\u00bb align=\u00bbcenter\u00bb link=\u00bburl:https%3A%2F%2Fwww.planetacomercio.es%2Fagustipardo%2Fcontacto%2F|||\u00bb][\/vc_column][\/vc_row]<\/p>\n<\/section>","protected":false},"excerpt":{"rendered":"<p>[vc_row type=\u00bbvc_default\u00bb full_width=\u00bbstretch_row_content\u00bb][vc_column][vc_tta_tabs active_section=\u00bb1&#8243;][vc_tta_section title=\u00bbP\u00e1ginas Personales\u00bb tab_id=\u00bb1674421521551-db1816eb-30d6&#8243;][vc_empty_space][vc_column_text] Hugo Rodriguez Gabriel Brau Luis Calle Luis Engroba Martin Gallego Araceli Merino Jos\u00e9 Moreno Gerard S\u00f2ria Joan Tous [\/vc_column_text][\/vc_tta_section][vc_tta_section title=\u00bbAsociaciones profesionales\u00bb tab_id=\u00bb1674421521568-34fbcc83-af87&#8243;][vc_empty_space][vc_column_text] Uni\u00f3 Professionals de la Imatge i la Fotografia de Catalunya Asociaci\u00f3n de Fot\u00f3grafos Profesionales de Espa\u00f1a Asociaci\u00f3n Espa\u00f1ola de fotografos de la Naturaleza [\/vc_column_text][\/vc_tta_section][vc_tta_section title=\u00bb Bancos&hellip;<\/p>\n","protected":false},"author":1,"featured_media":0,"parent":0,"menu_order":0,"comment_status":"closed","ping_status":"closed","template":"","meta":{"_joinchat":[]},"_links":{"self":[{"href":"https:\/\/www.planetacomercio.es\/agustipardo\/wp-json\/wp\/v2\/pages\/326"}],"collection":[{"href":"https:\/\/www.planetacomercio.es\/agustipardo\/wp-json\/wp\/v2\/pages"}],"about":[{"href":"https:\/\/www.planetacomercio.es\/agustipardo\/wp-json\/wp\/v2\/types\/page"}],"author":[{"embeddable":true,"href":"https:\/\/www.planetacomercio.es\/agustipardo\/wp-json\/wp\/v2\/users\/1"}],"replies":[{"embeddable":true,"href":"https:\/\/www.planetacomercio.es\/agustipardo\/wp-json\/wp\/v2\/comments?post=326"}],"version-history":[{"count":35,"href":"https:\/\/www.planetacomercio.es\/agustipardo\/wp-json\/wp\/v2\/pages\/326\/revisions"}],"predecessor-version":[{"id":1506,"href":"https:\/\/www.planetacomercio.es\/agustipardo\/wp-json\/wp\/v2\/pages\/326\/revisions\/1506"}],"wp:attachment":[{"href":"https:\/\/www.planetacomercio.es\/agustipardo\/wp-json\/wp\/v2\/media?parent=326"}],"curies":[{"name":"wp","href":"https:\/\/api.w.org\/{rel}","templated":true}]}}