{"id":320,"date":"2023-01-22T20:58:47","date_gmt":"2023-01-22T20:58:47","guid":{"rendered":"https:\/\/www.planetacomercio.es\/agustipardo\/?page_id=320"},"modified":"2023-01-22T21:00:04","modified_gmt":"2023-01-22T21:00:04","slug":"servicios","status":"publish","type":"page","link":"https:\/\/www.planetacomercio.es\/agustipardo\/servicios\/","title":{"rendered":"Servicios"},"content":{"rendered":"<section class=\"wpb-content-wrapper\"><p>[vc_row][vc_column][vc_column_text]Como <strong>fotoperiodista<\/strong>, ofrezco mis servicios a los medios de comunicaci\u00f3n y periodistas que necesiten una imagen ilustrativa para una noticia o una serie de fotograf\u00edas para un reportaje.<\/p>\n<p>Como fot\u00f3grafo profesional puedo ofrecerte servicios de <strong>fotograf\u00eda de moda<\/strong>, en los que obtener im\u00e1genes de ropa y complementos en sesiones de fotos con y sin modelo, as\u00ed como <strong>fotograf\u00eda de producto<\/strong>, ambos con im\u00e1genes listas para usar en cat\u00e1logos, webs y folletos.<\/p>\n<p>Si tienes un club deportivo, puedo realizarte desde el reportaje de un partido, pasando por fotograf\u00edas de tus instalaciones hasta las fotograf\u00edas anuales de plantilla, en unas <strong>fotograf\u00edas de deporte<\/strong> de calidad.<\/p>\n<p>Preparo y realizo cursos para centros de estudio de cualquier tama\u00f1o. Si te interesa poder ofrecer clases de fotograf\u00eda en tu escuela y buscas alguien que las imparta o necesitas dise\u00f1ar el curso desde cero, cont\u00e1ctame y cu\u00e9ntame tus necesidades de <strong>formaci\u00f3n de fotograf\u00eda.<\/strong><\/p>\n<p>\u00bfBuscas un recuerdo \u00fanico para vuestra boda? Plantearemos conjuntamente la <strong>fotograf\u00eda de boda<\/strong> que mas se ajusta a vuestro estilo y preferencias, y crearemos un <strong>reportaje de boda <\/strong>como el que siempre hab\u00edais so\u00f1ado.<\/p>\n<p>\u00bfHace tiempo que te ronda por la cabeza una sesi\u00f3n de <strong>fotos de estudio<\/strong>? \u00bfTe gustar\u00eda unas fotograf\u00edas de tus hijos, o de la familia al completo? \u00bfSois un grupo de amigos que quer\u00e9is un recuerdo especial? Organizaremos la sesi\u00f3n que m\u00e1s se ajuste a lo que est\u00e1s buscando.<\/p>\n<p>Cons\u00faltame acerca del seguimiento completo de cualquier evento que puedas organizar, documentando todos los momentos importantes para que puedas conservar el recuerdo o para distribuir en dossiers de prensa y similares las <strong>fotograf\u00edas del evento<\/strong>.<\/p>\n<p>Par cualquiera de estos <strong>servicios fotogr\u00e1ficos <\/strong>o cualquier otro que se te ocurra, no dudes en contactar.[\/vc_column_text][\/vc_column][\/vc_row][vc_row][vc_column][vc_btn title=\u00bbContacto\u00bb style=\u00bbcustom\u00bb custom_background=\u00bb#5d0001&#8243; custom_text=\u00bb#ffffff\u00bb align=\u00bbcenter\u00bb link=\u00bburl:https%3A%2F%2Fwww.planetacomercio.es%2Fagustipardo%2Fcontacto%2F|||\u00bb][\/vc_column][\/vc_row]<\/p>\n<\/section>","protected":false},"excerpt":{"rendered":"<p>[vc_row][vc_column][vc_column_text]Como fotoperiodista, ofrezco mis servicios a los medios de comunicaci\u00f3n y periodistas que necesiten una imagen ilustrativa para una noticia o una serie de fotograf\u00edas para un reportaje. Como fot\u00f3grafo profesional puedo ofrecerte servicios de fotograf\u00eda de moda, en los que obtener im\u00e1genes de ropa y complementos en sesiones de fotos con y sin modelo,&hellip;<\/p>\n","protected":false},"author":1,"featured_media":0,"parent":0,"menu_order":0,"comment_status":"closed","ping_status":"closed","template":"","meta":{"_joinchat":[]},"_links":{"self":[{"href":"https:\/\/www.planetacomercio.es\/agustipardo\/wp-json\/wp\/v2\/pages\/320"}],"collection":[{"href":"https:\/\/www.planetacomercio.es\/agustipardo\/wp-json\/wp\/v2\/pages"}],"about":[{"href":"https:\/\/www.planetacomercio.es\/agustipardo\/wp-json\/wp\/v2\/types\/page"}],"author":[{"embeddable":true,"href":"https:\/\/www.planetacomercio.es\/agustipardo\/wp-json\/wp\/v2\/users\/1"}],"replies":[{"embeddable":true,"href":"https:\/\/www.planetacomercio.es\/agustipardo\/wp-json\/wp\/v2\/comments?post=320"}],"version-history":[{"count":2,"href":"https:\/\/www.planetacomercio.es\/agustipardo\/wp-json\/wp\/v2\/pages\/320\/revisions"}],"predecessor-version":[{"id":322,"href":"https:\/\/www.planetacomercio.es\/agustipardo\/wp-json\/wp\/v2\/pages\/320\/revisions\/322"}],"wp:attachment":[{"href":"https:\/\/www.planetacomercio.es\/agustipardo\/wp-json\/wp\/v2\/media?parent=320"}],"curies":[{"name":"wp","href":"https:\/\/api.w.org\/{rel}","templated":true}]}}