{"id":260,"date":"2019-05-26T13:50:13","date_gmt":"2019-05-26T13:50:13","guid":{"rendered":"https:\/\/www.planetacomercio.es\/agustipardo\/?page_id=260"},"modified":"2023-01-22T20:56:10","modified_gmt":"2023-01-22T20:56:10","slug":"acerca-de-mi","status":"publish","type":"page","link":"https:\/\/www.planetacomercio.es\/agustipardo\/acerca-de-mi\/","title":{"rendered":"Acerca de m\u00ed"},"content":{"rendered":"<section class=\"wpb-content-wrapper\"><p>[vc_row][vc_column][vc_column_text]Inici\u00e9 mi andadura en la fotograf\u00eda con la c\u00e1mara de carrete de mi padre en los cr\u00e9ditos extras que hac\u00edamos en el colegio. Aprend\u00ed a exponer y revelar en blanco y negro, de forma manual y con los tradicionales qu\u00edmicos cuando la fotograf\u00eda digital no hab\u00eda llegado todav\u00eda al gran p\u00fablico.<\/p>\n<p>Al terminar el bachillerato, en el Instituto de Estudios Fotogr\u00e1ficos de Catalunya perfeccion\u00e9 lo ya aprendido sobre la fotograf\u00eda qu\u00edmica y aprend\u00ed sobre la fotograf\u00eda digital con uno de los mejores profesores del campo, Hugo Rodr\u00edguez.<\/p>\n<p>Compagin\u00e9 mis estudios con trabajos como el de fot\u00f3grafo de grupos escolares del Zoo de Barcelona, y publiqu\u00e9 en la prensa escrita mis primeras im\u00e1genes en varios diarios como El Peri\u00f3dico, La Vanguardia o el Universal de Venezuela.<\/p>\n<p>Realic\u00e9 la cobertura de diversas campa\u00f1as y noches electorales, de varios partidos de futbol nacionales e internacionales, de Jockey y otros deportes.<\/p>\n<p>Hice varios reportajes por encargo para la imprenta Dianagraf, la Camara de Comercio Brit\u00e1nica como fot\u00f3grafo oficial y el acto de presentaci\u00f3n de la placa de la colla sardanista Violetes del Bosc. Tambi\u00e9n he publicado mis fotograf\u00edas en libros como \u201cEns hem fet grans\u201d de RAC1 o el Libro Ginesta 3 de Llengua i Literatura Catalana.<\/p>\n<p>Para Privalia como fot\u00f3grafo de moda he trabajado con modelos de distintas edades y como fot\u00f3grafo de producto para sus distintas campa\u00f1as publicitarias.<\/p>\n<p>En Eureka! Espai per estudiar i crear, realic\u00e9 las funciones de coordinador del \u00e1rea de fotograf\u00eda y como profesor de t\u00e9cnica fotogr\u00e1fica, retoque y procesamiento de im\u00e1genes digitales.<\/p>\n<p>Desde el a\u00f1o 2007 estoy afiliado al Sindicat de la Imatge-UPIFC, y tambi\u00e9n lo estoy a la AFPE.<\/p>\n<p>Actualmente ofrezco mis servicios como fot\u00f3grafo de:<\/p>\n<ul>\n<li>Moda<\/li>\n<li>Producto<\/li>\n<li>Deporte<\/li>\n<li>Fotoperiodismo<\/li>\n<li>Estudio<\/li>\n<li>Formaci\u00f3n<\/li>\n<li>Eventos<\/li>\n<li>Bodas<\/li>\n<\/ul>\n<p>[\/vc_column_text][\/vc_column][\/vc_row][vc_row][vc_column][vc_btn title=\u00bbContacto\u00bb style=\u00bbcustom\u00bb custom_background=\u00bb#5d0001&#8243; custom_text=\u00bb#ffffff\u00bb align=\u00bbcenter\u00bb link=\u00bburl:https%3A%2F%2Fwww.planetacomercio.es%2Fagustipardo%2Fcontacto%2F|||\u00bb][\/vc_column][\/vc_row]<\/p>\n<\/section>","protected":false},"excerpt":{"rendered":"<p>[vc_row][vc_column][vc_column_text]Inici\u00e9 mi andadura en la fotograf\u00eda con la c\u00e1mara de carrete de mi padre en los cr\u00e9ditos extras que hac\u00edamos en el colegio. Aprend\u00ed a exponer y revelar en blanco y negro, de forma manual y con los tradicionales qu\u00edmicos cuando la fotograf\u00eda digital no hab\u00eda llegado todav\u00eda al gran p\u00fablico. Al terminar el bachillerato,&hellip;<\/p>\n","protected":false},"author":1,"featured_media":0,"parent":0,"menu_order":0,"comment_status":"closed","ping_status":"closed","template":"","meta":{"_joinchat":[]},"_links":{"self":[{"href":"https:\/\/www.planetacomercio.es\/agustipardo\/wp-json\/wp\/v2\/pages\/260"}],"collection":[{"href":"https:\/\/www.planetacomercio.es\/agustipardo\/wp-json\/wp\/v2\/pages"}],"about":[{"href":"https:\/\/www.planetacomercio.es\/agustipardo\/wp-json\/wp\/v2\/types\/page"}],"author":[{"embeddable":true,"href":"https:\/\/www.planetacomercio.es\/agustipardo\/wp-json\/wp\/v2\/users\/1"}],"replies":[{"embeddable":true,"href":"https:\/\/www.planetacomercio.es\/agustipardo\/wp-json\/wp\/v2\/comments?post=260"}],"version-history":[{"count":7,"href":"https:\/\/www.planetacomercio.es\/agustipardo\/wp-json\/wp\/v2\/pages\/260\/revisions"}],"predecessor-version":[{"id":319,"href":"https:\/\/www.planetacomercio.es\/agustipardo\/wp-json\/wp\/v2\/pages\/260\/revisions\/319"}],"wp:attachment":[{"href":"https:\/\/www.planetacomercio.es\/agustipardo\/wp-json\/wp\/v2\/media?parent=260"}],"curies":[{"name":"wp","href":"https:\/\/api.w.org\/{rel}","templated":true}]}}